{"id":4060,"date":"2025-03-07T15:24:10","date_gmt":"2025-03-07T14:24:10","guid":{"rendered":"https:\/\/www.clowntheater.ch\/?page_id=4060"},"modified":"2026-04-26T20:32:42","modified_gmt":"2026-04-26T19:32:42","slug":"fruehere-produktionen","status":"publish","type":"page","link":"https:\/\/www.clowntheater.ch\/?page_id=4060","title":{"rendered":"Fr\u00fchere Produktionen"},"content":{"rendered":"\n<h3 class=\"has-text-align-center\">Nora das Zauberpferd (2022 &#8211; 2024)<\/h3>\n\n\n\n<p class=\"has-text-align-center\"> &#8222;Nora hat genug. Raubritter Sigismund nutzt ihre Zauberkr\u00e4fte aus. Er zwingt sie seit Jahren, mit ihm jede Woche 700 Jahre von der Ritterzeit in die heutige Zeit zu galoppieren. Denn hier kann er Autos, T\u00f6ff&#8217;s und Kickboards stehlen, die es in seiner Welt nicht gibt.  Nun vergisst er sogar vor Begeisterung f\u00fcr einen roten Ferrari sein Pferd mitten auf der Strasse.  Nora landet im Fundb\u00fcro und alles wird anders.&#8220;<br><br>Ein St\u00fcck \u00fcber den Mut, sich zu wehren und nein zu sagen gegen\u00fcber &#8222;Raubrittern&#8220; aller Art.<br><br>mit Placid Maissen und Hanspeter Allenspach <\/p>\n\n\n\n<figure class=\"wp-block-gallery columns-3 is-cropped\"><ul class=\"blocks-gallery-grid\"><li class=\"blocks-gallery-item\"><figure><img loading=\"lazy\" width=\"1024\" height=\"683\" src=\"https:\/\/www.clowntheater.ch\/wp-content\/uploads\/2023\/09\/Nora-Website-11-1024x683.jpg\" alt=\"\" data-id=\"3765\" data-full-url=\"https:\/\/www.clowntheater.ch\/wp-content\/uploads\/2023\/09\/Nora-Website-11.jpg\" data-link=\"https:\/\/www.clowntheater.ch\/?attachment_id=3765\" class=\"wp-image-3765\" srcset=\"https:\/\/www.clowntheater.ch\/wp-content\/uploads\/2023\/09\/Nora-Website-11-1024x683.jpg 1024w, https:\/\/www.clowntheater.ch\/wp-content\/uploads\/2023\/09\/Nora-Website-11-300x200.jpg 300w, https:\/\/www.clowntheater.ch\/wp-content\/uploads\/2023\/09\/Nora-Website-11-768x512.jpg 768w, https:\/\/www.clowntheater.ch\/wp-content\/uploads\/2023\/09\/Nora-Website-11-1536x1024.jpg 1536w, https:\/\/www.clowntheater.ch\/wp-content\/uploads\/2023\/09\/Nora-Website-11-50x33.jpg 50w, https:\/\/www.clowntheater.ch\/wp-content\/uploads\/2023\/09\/Nora-Website-11.jpg 1803w\" sizes=\"(max-width: 1024px) 100vw, 1024px\" \/><\/figure><\/li><li class=\"blocks-gallery-item\"><figure><img loading=\"lazy\" width=\"1024\" height=\"683\" src=\"https:\/\/www.clowntheater.ch\/wp-content\/uploads\/2023\/09\/Nora-Website-6-1024x683.jpg\" alt=\"\" data-id=\"3760\" data-full-url=\"https:\/\/www.clowntheater.ch\/wp-content\/uploads\/2023\/09\/Nora-Website-6.jpg\" data-link=\"https:\/\/www.clowntheater.ch\/?attachment_id=3760\" class=\"wp-image-3760\" srcset=\"https:\/\/www.clowntheater.ch\/wp-content\/uploads\/2023\/09\/Nora-Website-6-1024x683.jpg 1024w, https:\/\/www.clowntheater.ch\/wp-content\/uploads\/2023\/09\/Nora-Website-6-300x200.jpg 300w, https:\/\/www.clowntheater.ch\/wp-content\/uploads\/2023\/09\/Nora-Website-6-768x512.jpg 768w, https:\/\/www.clowntheater.ch\/wp-content\/uploads\/2023\/09\/Nora-Website-6-1536x1024.jpg 1536w, https:\/\/www.clowntheater.ch\/wp-content\/uploads\/2023\/09\/Nora-Website-6-50x33.jpg 50w, https:\/\/www.clowntheater.ch\/wp-content\/uploads\/2023\/09\/Nora-Website-6.jpg 1920w\" sizes=\"(max-width: 1024px) 100vw, 1024px\" \/><\/figure><\/li><li class=\"blocks-gallery-item\"><figure><img loading=\"lazy\" width=\"1024\" height=\"683\" src=\"https:\/\/www.clowntheater.ch\/wp-content\/uploads\/2023\/09\/Nora-Website-4-1024x683.jpg\" alt=\"\" data-id=\"3758\" data-full-url=\"https:\/\/www.clowntheater.ch\/wp-content\/uploads\/2023\/09\/Nora-Website-4.jpg\" data-link=\"https:\/\/www.clowntheater.ch\/?attachment_id=3758\" class=\"wp-image-3758\" srcset=\"https:\/\/www.clowntheater.ch\/wp-content\/uploads\/2023\/09\/Nora-Website-4-1024x683.jpg 1024w, https:\/\/www.clowntheater.ch\/wp-content\/uploads\/2023\/09\/Nora-Website-4-300x200.jpg 300w, https:\/\/www.clowntheater.ch\/wp-content\/uploads\/2023\/09\/Nora-Website-4-768x512.jpg 768w, https:\/\/www.clowntheater.ch\/wp-content\/uploads\/2023\/09\/Nora-Website-4-1536x1024.jpg 1536w, https:\/\/www.clowntheater.ch\/wp-content\/uploads\/2023\/09\/Nora-Website-4-50x33.jpg 50w, https:\/\/www.clowntheater.ch\/wp-content\/uploads\/2023\/09\/Nora-Website-4.jpg 1920w\" sizes=\"(max-width: 1024px) 100vw, 1024px\" \/><\/figure><\/li><\/ul><\/figure>\n\n\n\n<p><\/p>\n\n\n\n<p><\/p>\n\n\n\n<h3 class=\"has-text-align-center\">Max der Stolperk\u00f6nig (2019 &#8211; 2022) Einmann-St\u00fcck<\/h3>\n\n\n\n<p class=\"has-text-align-center\"> K\u00f6nig Max ist anders als seine Berufskollegen. Er stolpert!  Dies w\u00e4re zwar normal f\u00fcr den K\u00f6nig eines Stolpervolkes. Doch er vergleicht sich mit den andern K\u00f6nigen, die sich so elegant und k\u00f6niglich bewegen. Zu allem \u00dcbel lachen ihn die andern aus! So wehrt er sich mit allen Mitteln gegen sein Ungeschickt sein. Anstatt zu stolpern, probiert er es tollk\u00fchn mit Fliegen, dann mit ewigem Stillsitzen. Aber das Stolpern bleibt. Nur Lili, die kleine Schlossmaus, kann ihm in seiner Verzweiflung helfen, sein Selbstvertrauen wieder zu finden.  Denn, wem gelingt es schon so elegant zu stolpern, ohne auf die Nase zu fliegen? &#8211; Ja nur einem echten Stolperk\u00f6nig! <\/p>\n\n\n\n<p class=\"has-text-align-center\"> Ein St\u00fcck \u00fcber das Scheitern, wieder Aufstehen und den Mut zu finden, zu seinem Anders sein stehen zu k\u00f6nnen. <\/p>\n\n\n\n<figure class=\"wp-block-gallery columns-3 is-cropped\"><ul class=\"blocks-gallery-grid\"><li class=\"blocks-gallery-item\"><figure><img loading=\"lazy\" width=\"1024\" height=\"768\" src=\"https:\/\/www.clowntheater.ch\/wp-content\/uploads\/2019\/04\/image-1024x768.png\" alt=\"\" data-id=\"2688\" data-full-url=\"https:\/\/www.clowntheater.ch\/wp-content\/uploads\/2019\/04\/image.png\" data-link=\"https:\/\/www.clowntheater.ch\/?attachment_id=2688\" class=\"wp-image-2688\" srcset=\"https:\/\/www.clowntheater.ch\/wp-content\/uploads\/2019\/04\/image.png 1024w, https:\/\/www.clowntheater.ch\/wp-content\/uploads\/2019\/04\/image-300x225.png 300w, https:\/\/www.clowntheater.ch\/wp-content\/uploads\/2019\/04\/image-768x576.png 768w\" sizes=\"(max-width: 1024px) 100vw, 1024px\" \/><\/figure><\/li><li class=\"blocks-gallery-item\"><figure><img loading=\"lazy\" width=\"1024\" height=\"683\" src=\"https:\/\/www.clowntheater.ch\/wp-content\/uploads\/2019\/09\/4-1024x683.jpg\" alt=\"\" data-id=\"2903\" data-full-url=\"https:\/\/www.clowntheater.ch\/wp-content\/uploads\/2019\/09\/4.jpg\" data-link=\"https:\/\/www.clowntheater.ch\/?attachment_id=2903\" class=\"wp-image-2903\" srcset=\"https:\/\/www.clowntheater.ch\/wp-content\/uploads\/2019\/09\/4-1024x683.jpg 1024w, https:\/\/www.clowntheater.ch\/wp-content\/uploads\/2019\/09\/4-300x200.jpg 300w, https:\/\/www.clowntheater.ch\/wp-content\/uploads\/2019\/09\/4-768x512.jpg 768w\" sizes=\"(max-width: 1024px) 100vw, 1024px\" \/><\/figure><\/li><li class=\"blocks-gallery-item\"><figure><img loading=\"lazy\" width=\"1024\" height=\"683\" src=\"https:\/\/www.clowntheater.ch\/wp-content\/uploads\/2019\/09\/DSC_0604-1024x683.jpg\" alt=\"\" data-id=\"2900\" data-full-url=\"https:\/\/www.clowntheater.ch\/wp-content\/uploads\/2019\/09\/DSC_0604.jpg\" data-link=\"https:\/\/www.clowntheater.ch\/?attachment_id=2900\" class=\"wp-image-2900\" srcset=\"https:\/\/www.clowntheater.ch\/wp-content\/uploads\/2019\/09\/DSC_0604-1024x683.jpg 1024w, https:\/\/www.clowntheater.ch\/wp-content\/uploads\/2019\/09\/DSC_0604-300x200.jpg 300w, https:\/\/www.clowntheater.ch\/wp-content\/uploads\/2019\/09\/DSC_0604-768x512.jpg 768w\" sizes=\"(max-width: 1024px) 100vw, 1024px\" \/><\/figure><\/li><\/ul><\/figure>\n\n\n\n<p><\/p>\n\n\n\n<p><\/p>\n\n\n\n<h3 class=\"has-text-align-center\">Clownfamilie Pomodori (2003 &#8211; 2015)<\/h3>\n\n\n\n<p class=\"has-text-align-center\">Mit der ganzen Familie und Pudel Haniball unterwegs in der Deutsch-Schweiz als Clownfamilie Pomodori &amp; Hund Haniball<\/p>\n\n\n\n<h3><br><\/h3>\n\n\n\n<p><span class=\"has-inline-color has-black-color\">C<\/span><\/p>\n","protected":false},"excerpt":{"rendered":"<p>Nora das Zauberpferd (2022 &#8211; 2024) &#8222;Nora hat genug. Raubritter Sigismund nutzt ihre Zauberkr\u00e4fte aus. Er zwingt sie seit Jahren, mit ihm<span class=\"more-button\"><a href=\"https:\/\/www.clowntheater.ch\/?page_id=4060\" class=\"more-link more-icon\">Continue reading<span class=\"screen-reader-text\">Fr\u00fchere Produktionen<\/span><\/a><\/span><\/p>\n","protected":false},"author":1,"featured_media":0,"parent":0,"menu_order":0,"comment_status":"closed","ping_status":"closed","template":"","meta":[],"_links":{"self":[{"href":"https:\/\/www.clowntheater.ch\/index.php?rest_route=\/wp\/v2\/pages\/4060"}],"collection":[{"href":"https:\/\/www.clowntheater.ch\/index.php?rest_route=\/wp\/v2\/pages"}],"about":[{"href":"https:\/\/www.clowntheater.ch\/index.php?rest_route=\/wp\/v2\/types\/page"}],"author":[{"embeddable":true,"href":"https:\/\/www.clowntheater.ch\/index.php?rest_route=\/wp\/v2\/users\/1"}],"replies":[{"embeddable":true,"href":"https:\/\/www.clowntheater.ch\/index.php?rest_route=%2Fwp%2Fv2%2Fcomments&post=4060"}],"version-history":[{"count":40,"href":"https:\/\/www.clowntheater.ch\/index.php?rest_route=\/wp\/v2\/pages\/4060\/revisions"}],"predecessor-version":[{"id":4496,"href":"https:\/\/www.clowntheater.ch\/index.php?rest_route=\/wp\/v2\/pages\/4060\/revisions\/4496"}],"wp:attachment":[{"href":"https:\/\/www.clowntheater.ch\/index.php?rest_route=%2Fwp%2Fv2%2Fmedia&parent=4060"}],"curies":[{"name":"wp","href":"https:\/\/api.w.org\/{rel}","templated":true}]}}