{"id":3834,"date":"2024-02-14T17:36:14","date_gmt":"2024-02-14T16:36:14","guid":{"rendered":"https:\/\/www.clowntheater.ch\/?page_id=3834"},"modified":"2025-04-20T16:27:12","modified_gmt":"2025-04-20T15:27:12","slug":"projekt-baldur","status":"publish","type":"page","link":"https:\/\/www.clowntheater.ch\/","title":{"rendered":"Baldur der Buchstabenpirat"},"content":{"rendered":"\n<p class=\"has-text-align-center has-dark-yellow-color has-text-color\" style=\"font-size:21px\">Was w\u00e4re, wenn alle Buchstaben verschwinden w\u00fcrden?<\/p>\n\n\n\n<p class=\"has-text-align-left\" style=\"font-size:21px\">Im Buchladen von Robert und Mika fallen die  &#8222;A&#8220;, &#8222;L&#8220; und &#8222;Os&#8220; wie Konfetti aus den B\u00fcchern. Verzweifelt versuchen die beiden im Laden die W\u00f6rter  wieder zusammenzusetzen.  Hoffnungslos!  Bis Maus Mika auf  eine Spur st\u00f6sst, die zu einem mysteri\u00f6sen Papagei und einem Seer\u00e4uber f\u00fchrt, der nicht lesen kann.<\/p>\n\n\n\n<p class=\"has-text-align-center\" style=\"font-size:21px\">Ein Theater \u00fcber Mut, Freundschaft<br>und das Gl\u00fcck, lesen zu lernen<br><br>F\u00fcr alle ab 5 Jahren<\/p>\n\n\n\n<p class=\"has-text-align-center\" style=\"font-size:21px\"><br><\/p>\n\n\n\n<p class=\"has-text-align-center\" style=\"font-size:21px\">  <\/p>\n\n\n\n<p class=\"has-text-align-center\" style=\"font-size:21px\"><a href=\"https:\/\/www.tpunkt.ch\/\">Mitglied  t.Theaterschaffen Schweiz <\/a><\/p>\n\n\n\n<p style=\"font-size:21px\"><\/p>\n\n\n\n<p style=\"font-size:21px\"><\/p>\n\n\n\n<p style=\"font-size:21px\"><\/p>\n\n\n\n<p style=\"font-size:21px\"><\/p>\n","protected":false},"excerpt":{"rendered":"<p>Was w\u00e4re, wenn alle Buchstaben verschwinden w\u00fcrden? Im Buchladen von Robert und Mika fallen die &#8222;A&#8220;, &#8222;L&#8220; und &#8222;Os&#8220; wie Konfetti aus<span class=\"more-button\"><a href=\"https:\/\/www.clowntheater.ch\/\" class=\"more-link more-icon\">Continue reading<span class=\"screen-reader-text\">Baldur der Buchstabenpirat<\/span><\/a><\/span><\/p>\n","protected":false},"author":1,"featured_media":0,"parent":0,"menu_order":0,"comment_status":"closed","ping_status":"closed","template":"","meta":[],"_links":{"self":[{"href":"https:\/\/www.clowntheater.ch\/index.php?rest_route=\/wp\/v2\/pages\/3834"}],"collection":[{"href":"https:\/\/www.clowntheater.ch\/index.php?rest_route=\/wp\/v2\/pages"}],"about":[{"href":"https:\/\/www.clowntheater.ch\/index.php?rest_route=\/wp\/v2\/types\/page"}],"author":[{"embeddable":true,"href":"https:\/\/www.clowntheater.ch\/index.php?rest_route=\/wp\/v2\/users\/1"}],"replies":[{"embeddable":true,"href":"https:\/\/www.clowntheater.ch\/index.php?rest_route=%2Fwp%2Fv2%2Fcomments&post=3834"}],"version-history":[{"count":29,"href":"https:\/\/www.clowntheater.ch\/index.php?rest_route=\/wp\/v2\/pages\/3834\/revisions"}],"predecessor-version":[{"id":4193,"href":"https:\/\/www.clowntheater.ch\/index.php?rest_route=\/wp\/v2\/pages\/3834\/revisions\/4193"}],"wp:attachment":[{"href":"https:\/\/www.clowntheater.ch\/index.php?rest_route=%2Fwp%2Fv2%2Fmedia&parent=3834"}],"curies":[{"name":"wp","href":"https:\/\/api.w.org\/{rel}","templated":true}]}}