{"id":3280,"date":"2022-06-12T12:14:51","date_gmt":"2022-06-12T11:14:51","guid":{"rendered":"https:\/\/www.clowntheater.ch\/?page_id=3280"},"modified":"2026-04-04T06:26:52","modified_gmt":"2026-04-04T05:26:52","slug":"neues-theaterprojekt","status":"publish","type":"page","link":"https:\/\/www.clowntheater.ch\/?page_id=3280","title":{"rendered":"Neu ab 2027: Lilly das Weltwunder"},"content":{"rendered":"\n<p class=\"has-text-align-center\" style=\"font-size:35px\"><\/p>\n\n\n\n<div class=\"wp-block-image\"><figure class=\"aligncenter size-large is-resized\"><img loading=\"lazy\" src=\"https:\/\/www.clowntheater.ch\/wp-content\/uploads\/2026\/03\/Lilly-scaled-1024x768.jpg\" alt=\"\" class=\"wp-image-4331\" width=\"-219\" height=\"-164\" srcset=\"https:\/\/www.clowntheater.ch\/wp-content\/uploads\/2026\/03\/Lilly-scaled-1024x768.jpg 1024w, https:\/\/www.clowntheater.ch\/wp-content\/uploads\/2026\/03\/Lilly-scaled-300x225.jpg 300w, https:\/\/www.clowntheater.ch\/wp-content\/uploads\/2026\/03\/Lilly-768x576.jpg 768w, https:\/\/www.clowntheater.ch\/wp-content\/uploads\/2026\/03\/Lilly-scaled-1536x1152.jpg 1536w, https:\/\/www.clowntheater.ch\/wp-content\/uploads\/2026\/03\/Lilly-scaled-2048x1536.jpg 2048w\" sizes=\"(max-width: 1024px) 100vw, 1024px\" \/><\/figure><\/div>\n\n\n\n<p>Maus Mika (rechts) unser Star in &#8222;Baldur der Buchstabenpirat&#8220; wird Ende Jahr abgel\u00f6st durch Katze Lilly im neuen St\u00fcck &#8222;Lilly das Weltwunder&#8220; (ab 2027)<\/p>\n\n\n\n<h4>Lilly das Weltwunder<\/h4>\n\n\n\n<p>Katze Lilly kann singen. &#8211; &#8222;Ein Weltwunder!&#8220;-\u00a0finden K\u00f6nig Theo\u00a0 und sein Hofmarschall Manfred.\u00a0 Die beiden\u00a0verh\u00e4tscheln ihre &#8222;Hofkatze&#8220;\u00a0 wie ein Goldschatz. Denn Lilly soll ein Geschenk an den Kaiser sein. So hofft Theo, zur Belohnung kaiserlicher Nachfolger zu werden. Doch was meint Lilly dazu,\u00a0die\u00a0 einfach nur Katze sein will? -Und welche Rolle spielt hier ein L\u00f6we, der anstatt singen,\u00a0 nur f\u00fcrchterlich br\u00fcllen kann?<br><br>Die abenteuerlich Geschichte einer mutigen Katze und zwei k\u00f6niglichen Helden, die kl\u00e4glich scheitern, um etwas ganz Neues zu lernen. <br><br>\u00a0<br>Theater f\u00fcr alle ab 5 Jahren\u00a0<\/p>\n\n\n\n<p><\/p>\n\n\n\n<p><\/p>\n","protected":false},"excerpt":{"rendered":"<p>Maus Mika (rechts) unser Star in &#8222;Baldur der Buchstabenpirat&#8220; wird Ende Jahr abgel\u00f6st durch Katze Lilly im neuen St\u00fcck &#8222;Lilly das Weltwunder&#8220;<span class=\"more-button\"><a href=\"https:\/\/www.clowntheater.ch\/?page_id=3280\" class=\"more-link more-icon\">Continue reading<span class=\"screen-reader-text\">Neu ab 2027: Lilly das Weltwunder<\/span><\/a><\/span><\/p>\n","protected":false},"author":1,"featured_media":0,"parent":0,"menu_order":0,"comment_status":"closed","ping_status":"closed","template":"","meta":[],"_links":{"self":[{"href":"https:\/\/www.clowntheater.ch\/index.php?rest_route=\/wp\/v2\/pages\/3280"}],"collection":[{"href":"https:\/\/www.clowntheater.ch\/index.php?rest_route=\/wp\/v2\/pages"}],"about":[{"href":"https:\/\/www.clowntheater.ch\/index.php?rest_route=\/wp\/v2\/types\/page"}],"author":[{"embeddable":true,"href":"https:\/\/www.clowntheater.ch\/index.php?rest_route=\/wp\/v2\/users\/1"}],"replies":[{"embeddable":true,"href":"https:\/\/www.clowntheater.ch\/index.php?rest_route=%2Fwp%2Fv2%2Fcomments&post=3280"}],"version-history":[{"count":19,"href":"https:\/\/www.clowntheater.ch\/index.php?rest_route=\/wp\/v2\/pages\/3280\/revisions"}],"predecessor-version":[{"id":4385,"href":"https:\/\/www.clowntheater.ch\/index.php?rest_route=\/wp\/v2\/pages\/3280\/revisions\/4385"}],"wp:attachment":[{"href":"https:\/\/www.clowntheater.ch\/index.php?rest_route=%2Fwp%2Fv2%2Fmedia&parent=3280"}],"curies":[{"name":"wp","href":"https:\/\/api.w.org\/{rel}","templated":true}]}}