{"id":2368,"date":"2018-12-29T16:51:38","date_gmt":"2018-12-29T15:51:38","guid":{"rendered":"http:\/\/www.clowntheater.ch\/?page_id=2368"},"modified":"2026-04-26T20:36:25","modified_gmt":"2026-04-26T19:36:25","slug":"ueber-mich","status":"publish","type":"page","link":"https:\/\/www.clowntheater.ch\/?page_id=2368","title":{"rendered":"\u00fcber uns"},"content":{"rendered":"\n<p><\/p>\n\n\n\n<p><\/p>\n\n\n\n<div class=\"wp-block-image\"><figure class=\"aligncenter size-large is-resized\"><img loading=\"lazy\" src=\"https:\/\/www.clowntheater.ch\/wp-content\/uploads\/2025\/04\/Baldur-Website-1-1024x768.jpg\" alt=\"\" class=\"wp-image-4130\" width=\"563\" height=\"422\"\/><\/figure><\/div>\n\n\n\n<p class=\"has-text-align-center has-white-color has-text-color\" style=\"font-size:21px\">Das Theater Pomodori ist \u00fcber 20 Jahre alt. 2003 traten meine Frau und ich mit unseren zwei T\u00f6chtern als Clownfamilie Pomodori in der deutschsprachigen Schweiz auf.  Zur Truppe geh\u00f6rte auch unser Pudel Haniball, der nat\u00fcrlich mit seinen Kunstst\u00fccken der grosse Star bei den Kindern war. Ab 2019 spielte ich danach als Einmann-Theater &#8222;Max der Stolperk\u00f6nig&#8220;.  Seit 2022 treten Placid Maissen und ich nun zu zweit auf.  &#8222;Baldur der Buchstabenpirat&#8220; ist  nach &#8222;Nora dem Zauberpferd&#8220; unsere zweite gemeinsame Produktion.<br><br>Placid Maissen und ich sind durchs Theater langj\u00e4hrige Freunde geworden. Seit mehr als 40 Jahren hat uns die Leidenschaft gepackt, zu spielen und neue St\u00fccke zu entwickeln. Dies zuerst unter anderem im <a href=\"http:\/\/www.schuhtheater.ch\" data-type=\"URL\" data-id=\"www.schuhtheater.ch\">Schuhtheater Z\u00fcrich<\/a> und jetzt im Theater Pomodori.<br><\/p>\n\n\n\n<p style=\"font-size:21px\"><\/p>\n\n\n\n<p class=\"has-text-align-center has-dark-yellow-color has-text-color\" style=\"font-size:21px\"><br>Hanspeter Allenspach<\/p>\n\n\n\n<p class=\"has-text-align-center has-white-color has-text-color\" style=\"font-size:21px\">Theater<br><br>Meine &#8222;Grundlagen&#8220; f\u00fcrs Theater holte ich in langj\u00e4hrigen Kursen bei Serge Gautschi (Lecoq) sowie Kursen bei Christian Mattis, Bern (Mime Corporel), Willi Colombaioni, Rom (Clown), Olli Hauenstein, ehemals Illi und Olli (Clown), Thomas Scheidegger und  anundpfirsich Z\u00fcrich (Improvisationstheater)<\/p>\n\n\n\n<p class=\"has-text-align-center has-white-color has-text-color\" style=\"font-size:21px\">P\u00e4dagogik<br><br>Als Sozialp\u00e4dagoge und Lehrer arbeitete ich mit Kindern und Jugendlichen mit geistigen und psychischen Beeintr\u00e4chtigungen. In meiner schulischen Arbeit war Theater ein fester Bestandteil (Theaterunterricht und -projekte) <\/p>\n\n\n\n<p style=\"font-size:21px\"><\/p>\n\n\n\n<p class=\"has-text-align-center has-dark-yellow-color has-text-color\" style=\"font-size:21px\"><br>Placid Maissen<\/p>\n\n\n\n<p class=\"has-text-align-center has-white-color has-text-color\" style=\"font-size:21px\">Schauspieler und Autor<\/p>\n\n\n\n<p class=\"has-text-align-center has-white-color has-text-color\" style=\"font-size:21px\">ZES Zentrum f\u00fcr Entwicklung im Schauspiel (Method Acting \/ Filmschauspiel \/ Meisner Technik)<br>Schauspielunterricht bei Peter Niklaus Steiner<br>Workshops: <br>1982   \u00c9cole Jacques Lecoq<br>1983   \u00c9cole de Th\u00e9\u00e2tre Serge Martin &#8211; Paris<\/p>\n\n\n\n<p class=\"has-text-align-center has-white-color has-text-color\" style=\"font-size:21px\">Neben seiner T\u00e4tigkeit als Schuhh\u00e4ndler baute Placid Maissen zusammen mit Hanspeter Allenspach in seinem Schuhladen das <a href=\"http:\/\/www.schuhtheater.ch\" data-type=\"URL\" data-id=\"www.schuhtheater.ch\">Schuhtheater Z\u00fcrich<\/a> auf. 10 Jahre trat er da in j\u00e4hrlichen Produktionen zuerst solo, danach zu zweit und zu dritt auf. Davor stand er vor allem mit Ein-Mann-Produktionen von Klassikern wie Gogol und Dostojewski auf der B\u00fchne. <br>Als Autor schreibt Placid Maissen Filmdrehb\u00fccher. <br>                                                                                                                                                               <\/p>\n","protected":false},"excerpt":{"rendered":"<p>Das Theater Pomodori ist \u00fcber 20 Jahre alt. 2003 traten meine Frau und ich mit unseren zwei T\u00f6chtern als Clownfamilie Pomodori in<span class=\"more-button\"><a href=\"https:\/\/www.clowntheater.ch\/?page_id=2368\" class=\"more-link more-icon\">Continue reading<span class=\"screen-reader-text\">\u00fcber uns<\/span><\/a><\/span><\/p>\n","protected":false},"author":1,"featured_media":0,"parent":0,"menu_order":0,"comment_status":"closed","ping_status":"closed","template":"","meta":[],"_links":{"self":[{"href":"https:\/\/www.clowntheater.ch\/index.php?rest_route=\/wp\/v2\/pages\/2368"}],"collection":[{"href":"https:\/\/www.clowntheater.ch\/index.php?rest_route=\/wp\/v2\/pages"}],"about":[{"href":"https:\/\/www.clowntheater.ch\/index.php?rest_route=\/wp\/v2\/types\/page"}],"author":[{"embeddable":true,"href":"https:\/\/www.clowntheater.ch\/index.php?rest_route=\/wp\/v2\/users\/1"}],"replies":[{"embeddable":true,"href":"https:\/\/www.clowntheater.ch\/index.php?rest_route=%2Fwp%2Fv2%2Fcomments&post=2368"}],"version-history":[{"count":82,"href":"https:\/\/www.clowntheater.ch\/index.php?rest_route=\/wp\/v2\/pages\/2368\/revisions"}],"predecessor-version":[{"id":4498,"href":"https:\/\/www.clowntheater.ch\/index.php?rest_route=\/wp\/v2\/pages\/2368\/revisions\/4498"}],"wp:attachment":[{"href":"https:\/\/www.clowntheater.ch\/index.php?rest_route=%2Fwp%2Fv2%2Fmedia&parent=2368"}],"curies":[{"name":"wp","href":"https:\/\/api.w.org\/{rel}","templated":true}]}}